{"id":30,"date":"2026-05-05T15:58:34","date_gmt":"2026-05-05T13:58:34","guid":{"rendered":"https:\/\/www.failla.fr\/homepage\/"},"modified":"2026-05-06T13:10:28","modified_gmt":"2026-05-06T11:10:28","slug":"homepage","status":"publish","type":"page","link":"https:\/\/www.failla.fr\/","title":{"rendered":"Accueil"},"content":{"rendered":"\t\t<div data-elementor-type=\"wp-page\" data-elementor-id=\"30\" class=\"elementor elementor-30\">\n\t\t\t\t<div class=\"elementor-element elementor-element-7f2f2f1 e-flex e-con-boxed e-con e-parent\" data-id=\"7f2f2f1\" data-element_type=\"container\" data-e-type=\"container\">\n\t\t\t\t\t<div class=\"e-con-inner\">\n\t\t<div class=\"elementor-element elementor-element-eb907a0 e-con-full e-flex e-con e-child\" data-id=\"eb907a0\" data-element_type=\"container\" data-e-type=\"container\">\n\t\t\t\t\t\t\t\n\t\t\t<img class=\"e-image-base e-cc9d3e8-975400e\" \n\t\t\t\t\tdata-interaction-id=\"cc9d3e8\" \n\t\t \n\t\t \n\t\t\t\t\t\t\t\t\tid=\"73\"\n\t\t\t\t\t\t\t\t\t\t\t\tsrc=\"https:\/\/www.failla.fr\/wp-content\/uploads\/2026\/05\/Photo_2026-05-05_164437-203x300.jpg\"\n\t\t\t\t\t\t\t\t\t\t\t\twidth=\"203\"\n\t\t\t\t\t\t\t\t\t\t\t\theight=\"300\"\n\t\t\t\t\t\t\t\t\t\t\t\tsrcset=\"https:\/\/www.failla.fr\/wp-content\/uploads\/2026\/05\/Photo_2026-05-05_164437-203x300.jpg 203w, https:\/\/www.failla.fr\/wp-content\/uploads\/2026\/05\/Photo_2026-05-05_164437-692x1024.jpg 692w, https:\/\/www.failla.fr\/wp-content\/uploads\/2026\/05\/Photo_2026-05-05_164437-768x1136.jpg 768w, https:\/\/www.failla.fr\/wp-content\/uploads\/2026\/05\/Photo_2026-05-05_164437-1038x1536.jpg 1038w, https:\/\/www.failla.fr\/wp-content\/uploads\/2026\/05\/Photo_2026-05-05_164437-1384x2048.jpg 1384w, https:\/\/www.failla.fr\/wp-content\/uploads\/2026\/05\/Photo_2026-05-05_164437-scaled.jpg 1731w\"\n\t\t\t\t\t\t\t\t\t\t\t\talt=\"\"\n\t\t\t\t\t\t\/>\n\t\t\t\t\t<\/div>\n\t\t<div class=\"elementor-element elementor-element-33ca895 e-con-full e-flex e-con e-child\" data-id=\"33ca895\" data-element_type=\"container\" data-e-type=\"container\">\n\t\t\t\t<div class=\"elementor-element elementor-element-4ba562a elementor-widget elementor-widget-image\" data-id=\"4ba562a\" data-element_type=\"widget\" data-e-type=\"widget\" data-widget_type=\"image.default\">\n\t\t\t\t\t\t\t\t\t\t\t\t\t\t\t<img fetchpriority=\"high\" decoding=\"async\" width=\"800\" height=\"475\" src=\"https:\/\/www.failla.fr\/wp-content\/uploads\/2026\/05\/Photo_2026-05-05_172844-1024x608.jpg\" class=\"attachment-large size-large wp-image-80\" alt=\"\" srcset=\"https:\/\/www.failla.fr\/wp-content\/uploads\/2026\/05\/Photo_2026-05-05_172844-1024x608.jpg 1024w, https:\/\/www.failla.fr\/wp-content\/uploads\/2026\/05\/Photo_2026-05-05_172844-300x178.jpg 300w, https:\/\/www.failla.fr\/wp-content\/uploads\/2026\/05\/Photo_2026-05-05_172844-768x456.jpg 768w, https:\/\/www.failla.fr\/wp-content\/uploads\/2026\/05\/Photo_2026-05-05_172844-1536x912.jpg 1536w, https:\/\/www.failla.fr\/wp-content\/uploads\/2026\/05\/Photo_2026-05-05_172844-2048x1216.jpg 2048w\" sizes=\"(max-width: 800px) 100vw, 800px\" \/>\t\t\t\t\t\t\t\t\t\t\t\t\t\t\t<\/div>\n\t\t\t\t<\/div>\n\t\t<div class=\"elementor-element elementor-element-bb4d66e e-con-full e-flex e-con e-child\" data-id=\"bb4d66e\" data-element_type=\"container\" data-e-type=\"container\">\n\t\t\t\t<div class=\"elementor-element elementor-element-7f870e9 elementor-widget elementor-widget-image\" data-id=\"7f870e9\" data-element_type=\"widget\" data-e-type=\"widget\" data-widget_type=\"image.default\">\n\t\t\t\t\t\t\t\t\t\t\t\t\t\t\t<img decoding=\"async\" src=\"https:\/\/www.failla.fr\/wp-content\/uploads\/2026\/05\/Photo_2026-05-05_171046-1-scaled.jpg\" title=\"\" alt=\"\" loading=\"lazy\" \/>\t\t\t\t\t\t\t\t\t\t\t\t\t\t\t<\/div>\n\t\t\t\t<\/div>\n\t\t\t\t\t<\/div>\n\t\t\t\t<\/div>\n\t\t<div class=\"elementor-element elementor-element-7140031d e-flex e-con-boxed e-con e-parent\" data-id=\"7140031d\" data-element_type=\"container\" data-e-type=\"container\">\n\t\t\t\t\t<div class=\"e-con-inner\">\n\t\t<div class=\"elementor-element elementor-element-5ff1c43f e-grid e-con-full elementor-invisible e-con e-child\" data-id=\"5ff1c43f\" data-element_type=\"container\" data-e-type=\"container\" data-settings=\"{&quot;animation&quot;:&quot;fadeIn&quot;}\">\n\t\t\t\t<div class=\"elementor-element elementor-element-7695f4de elementor-widget elementor-widget-text-editor\" data-id=\"7695f4de\" data-element_type=\"widget\" data-e-type=\"widget\" data-widget_type=\"text-editor.default\">\n\t\t\t\t\t\t\t\t\t<p>En 1939, alors que l&rsquo;obscurit\u00e9 s&rsquo;abat sur l&rsquo;Europe, Ga\u00ebtan Failla choisit la voie de la R\u00e9sistance. Rejoignant Londres, il s&rsquo;engage au sein des <strong>Forces Fran\u00e7aises Libres (FFL)<\/strong>\u00a0pour continuer le combat hors du territoire national.<\/p><p>Devenu matelot, il servira avec bravoure sur une corvette pendant la Seconde Guerre mondiale. Ces \u00ab\u00a0chevaux de labour\u00a0\u00bb de l&rsquo;Atlantique \u00e9taient le rempart essentiel contre les U-Boote, assurant la protection des convois dans des conditions souvent dantesques.<\/p>\t\t\t\t\t\t\t\t<\/div>\n\t\t\t\t<div class=\"elementor-element elementor-element-479a0099 elementor-position-right elementor-vertical-align-middle elementor-widget elementor-widget-image-box\" data-id=\"479a0099\" data-element_type=\"widget\" data-e-type=\"widget\" data-widget_type=\"image-box.default\">\n\t\t\t\t\t<div class=\"elementor-image-box-wrapper\"><figure class=\"elementor-image-box-img\"><img decoding=\"async\" width=\"334\" height=\"369\" src=\"https:\/\/www.failla.fr\/wp-content\/uploads\/2026\/05\/BCO.5aae8094-4099-4480-97e8-845c46e8d833.png\" class=\"attachment-full size-full wp-image-72\" alt=\"\" srcset=\"https:\/\/www.failla.fr\/wp-content\/uploads\/2026\/05\/BCO.5aae8094-4099-4480-97e8-845c46e8d833.png 334w, https:\/\/www.failla.fr\/wp-content\/uploads\/2026\/05\/BCO.5aae8094-4099-4480-97e8-845c46e8d833-272x300.png 272w\" sizes=\"(max-width: 334px) 100vw, 334px\" \/><\/figure><div class=\"elementor-image-box-content\"><h3 class=\"elementor-image-box-title\">Failla Ga\u00ebtan <\/h3><p class=\"elementor-image-box-description\">N\u00e9 le 4 janvier 1919 \u00e0 G\u00e8nes (Italie)<\/p><\/div><\/div>\t\t\t\t<\/div>\n\t\t\t\t<\/div>\n\t\t\t\t\t<\/div>\n\t\t\t\t<\/div>\n\t\t\t\t<div class=\"elementor-element elementor-element-a2e51cb e-con e-atomic-element e-div-block-base\" data-id=\"a2e51cb\" data-element_type=\"e-div-block\" data-e-type=\"e-div-block\" data-interaction-id=\"a2e51cb\">\n\t\t\t\t<\/div>\n\t\t\t\t<\/div>\n\t\t","protected":false},"excerpt":{"rendered":"<p>En 1939, alors que l&rsquo;obscurit\u00e9 s&rsquo;abat sur l&rsquo;Europe, Ga\u00ebtan Failla choisit la voie de la R\u00e9sistance. Rejoignant Londres, il s&rsquo;engage au sein des Forces Fran\u00e7aises Libres (FFL)\u00a0pour continuer le combat hors du territoire national. Devenu matelot, il servira avec bravoure sur une corvette pendant la Seconde Guerre mondiale. Ces \u00ab\u00a0chevaux de labour\u00a0\u00bb de l&rsquo;Atlantique \u00e9taient [&hellip;]<\/p>\n","protected":false},"author":1,"featured_media":0,"parent":0,"menu_order":0,"comment_status":"closed","ping_status":"closed","template":"","meta":{"footnotes":""},"class_list":["post-30","page","type-page","status-publish","hentry"],"_links":{"self":[{"href":"https:\/\/www.failla.fr\/index.php?rest_route=\/wp\/v2\/pages\/30","targetHints":{"allow":["GET"]}}],"collection":[{"href":"https:\/\/www.failla.fr\/index.php?rest_route=\/wp\/v2\/pages"}],"about":[{"href":"https:\/\/www.failla.fr\/index.php?rest_route=\/wp\/v2\/types\/page"}],"author":[{"embeddable":true,"href":"https:\/\/www.failla.fr\/index.php?rest_route=\/wp\/v2\/users\/1"}],"replies":[{"embeddable":true,"href":"https:\/\/www.failla.fr\/index.php?rest_route=%2Fwp%2Fv2%2Fcomments&post=30"}],"version-history":[{"count":11,"href":"https:\/\/www.failla.fr\/index.php?rest_route=\/wp\/v2\/pages\/30\/revisions"}],"predecessor-version":[{"id":99,"href":"https:\/\/www.failla.fr\/index.php?rest_route=\/wp\/v2\/pages\/30\/revisions\/99"}],"wp:attachment":[{"href":"https:\/\/www.failla.fr\/index.php?rest_route=%2Fwp%2Fv2%2Fmedia&parent=30"}],"curies":[{"name":"wp","href":"https:\/\/api.w.org\/{rel}","templated":true}]}}